{"id":6478,"date":"2021-10-27T12:17:36","date_gmt":"2021-10-27T10:17:36","guid":{"rendered":"https:\/\/tuftingeurope.com\/product\/mocna-nawijarka-do-przedzy\/"},"modified":"2025-11-27T16:15:50","modified_gmt":"2025-11-27T15:15:50","slug":"heavy-duty-metal-yarn-winder","status":"publish","type":"product","link":"https:\/\/tuftingeurope.com\/pl\/produkt\/heavy-duty-metal-yarn-winder\/","title":{"rendered":"Wytrzyma\u0142a metalowa nawijarka do prz\u0119dzy"},"content":{"rendered":"<p>Tw\u00f3rz idealne placki z w\u0142\u00f3czki dzi\u0119ki naszej wytrzyma\u0142ej metalowej nawijarce do w\u0142\u00f3czki. Ju\u017c nigdy wi\u0119cej nie b\u0119dziesz musia\u0142a przerywa\u0107 pracy, aby wyrwa\u0107 wi\u0119cej w\u0142\u00f3czki z k\u0142\u0119bka, ani zmaga\u0107 si\u0119 z &#8220;barfem&#8221; z w\u0142\u00f3czki po ciasnym poci\u0105gni\u0119ciu \u015brodka.<\/p>\n<p>Wystarczy przymocowa\u0107 prz\u0119dz\u0119 do plastikowego sto\u017cka i obraca\u0107 uchwytem ze sta\u0142\u0105 pr\u0119dko\u015bci\u0105. Nawijarka b\u0119dzie nawija\u0107 prz\u0119dz\u0119 od \u015brodka. Wystarczy zamocowa\u0107 Nawijark\u0119 do W\u0142\u00f3czki na stabilnej powierzchni, np. na stole, za\u0142o\u017cy\u0107 w\u0142\u00f3czk\u0119 i rozkr\u0119ci\u0107 swoje w\u0142\u00f3czkowe placki.<\/p>\n","protected":false},"excerpt":{"rendered":"<p>Nawijanie doskona\u0142ych plack\u00f3w w\u0142\u00f3czki za pomoc\u0105 naszej wytrzyma\u0142ej metalowej nawijarki do w\u0142\u00f3czki. Nie ma ju\u017c problem\u00f3w z w\u0142\u00f3czk\u0105, ani przerw w pracy, by wyci\u0105gn\u0105\u0107 wi\u0119cej w\u0142\u00f3czki. Wystarczy przyczepi\u0107 si\u0119 do plastikowego sto\u017cka i kr\u0119ci\u0107. Aby uzyska\u0107 najlepsze rezultaty, zamocuj klamr\u0119 na stabilnej powierzchni. Szybkie ko\u0142a z\u0119bate i \u017celazna konstrukcja sprawiaj\u0105, \u017ce wiatr\u00f3wka jest bardziej wytrzyma\u0142a i dzia\u0142a 3x szybciej ni\u017c plastikowe.<\/p>\n","protected":false},"featured_media":38020,"template":"","meta":[],"product_brand":[],"product_cat":[216],"product_tag":[],"class_list":{"0":"post-6478","1":"product","2":"type-product","3":"status-publish","4":"has-post-thumbnail","6":"product_cat-akcesoria","8":"first","9":"outofstock","10":"taxable","11":"shipping-taxable","12":"purchasable","13":"product-type-simple"},"_links":{"self":[{"href":"https:\/\/tuftingeurope.com\/pl\/wp-json\/wp\/v2\/product\/6478","targetHints":{"allow":["GET"]}}],"collection":[{"href":"https:\/\/tuftingeurope.com\/pl\/wp-json\/wp\/v2\/product"}],"about":[{"href":"https:\/\/tuftingeurope.com\/pl\/wp-json\/wp\/v2\/types\/product"}],"wp:featuredmedia":[{"embeddable":true,"href":"https:\/\/tuftingeurope.com\/pl\/wp-json\/wp\/v2\/media\/38020"}],"wp:attachment":[{"href":"https:\/\/tuftingeurope.com\/pl\/wp-json\/wp\/v2\/media?parent=6478"}],"wp:term":[{"taxonomy":"product_brand","embeddable":true,"href":"https:\/\/tuftingeurope.com\/pl\/wp-json\/wp\/v2\/product_brand?post=6478"},{"taxonomy":"product_cat","embeddable":true,"href":"https:\/\/tuftingeurope.com\/pl\/wp-json\/wp\/v2\/product_cat?post=6478"},{"taxonomy":"product_tag","embeddable":true,"href":"https:\/\/tuftingeurope.com\/pl\/wp-json\/wp\/v2\/product_tag?post=6478"}],"curies":[{"name":"wp","href":"https:\/\/api.w.org\/{rel}","templated":true}]}}