{"id":6483,"date":"2021-10-27T11:29:52","date_gmt":"2021-10-27T09:29:52","guid":{"rendered":"https:\/\/tuftingeurope.com\/product\/drewno-rozane-carpet-carving-clippers-200w\/"},"modified":"2026-03-13T15:34:38","modified_gmt":"2026-03-13T14:34:38","slug":"cazki-do-rzezbienia-w-dywanach","status":"publish","type":"product","link":"https:\/\/tuftingeurope.com\/pl\/produkt\/cazki-do-rzezbienia-w-dywanach\/","title":{"rendered":"Obcinaczki do dywan\u00f3w i rze\u017abienia"},"content":{"rendered":"\n\t<section class=\"section\" id=\"section_1643393982\">\n\t\t<div class=\"section-bg fill\" >\n\t\t\t\t\t\t\t<div class=\"video-overlay no-click fill visible\"><\/div>\n\t<video class=\"video-bg fill visible\" preload playsinline autoplay muted loop>\n\t\t<source src=\"https:\/\/tuftingeurope.com\/wp-content\/uploads\/2024\/08\/shaving-example.mp4\" type=\"video\/mp4\">\t<\/video>\n\t\t\t\n\t\t\t\n\n\t\t<\/div>\n\n\t\t\n\n\t\t<div class=\"section-content relative\">\n\t\t\t\n\n\t\t<\/div>\n\n\t\t\n<style>\n#section_1643393982 {\n  padding-top: 30px;\n  padding-bottom: 30px;\n  min-height: 400px;\n}\n@media (min-width:550px) {\n  #section_1643393982 {\n    min-height: 500px;\n  }\n}\n<\/style>\n\t<\/section>\n\t\n<h2>Nadaje dywanom ostateczny szlif.<\/h2>\n<p>Obcinaczki do dywan\u00f3w s\u0105 popularne w\u015br\u00f3d tuft\u00f3w na ca\u0142ym \u015bwiecie. Drewniana r\u0105czka jest wygodna w u\u017cyciu i ma pewny uchwyt, dzi\u0119ki czemu mo\u017cna rze\u017abi\u0107 ma\u0142e szczeg\u00f3\u0142y. Dzi\u0119ki regulatorowi pr\u0119dko\u015bci te maszynki do strzy\u017cenia mog\u0105 osi\u0105gn\u0105\u0107 do 6000 obrot\u00f3w na minut\u0119. U\u0142atwia to tworzenie drobnych szczeg\u00f3\u0142\u00f3w potrzebnych do Twojego projektu. Polecamy te maszynki do strzy\u017cenia dla producent\u00f3w dywan\u00f3w.<\/p>\n<p>Radzimy najpierw zgoli\u0107 wszystkie wystaj\u0105ce zanieczyszczenia. To ju\u017c nadaje mu wyko\u0144czony wygl\u0105d. Nast\u0119pnie mo\u017cesz kszta\u0142towa\u0107 kraw\u0119dzie kolor\u00f3w pod k\u0105tem. Nadanie g\u0142\u0119bi Twoim projektom.<\/p>\n<h2>Wyniki po goleniu i rze\u017abieniu.<\/h2>\n<p><img fetchpriority=\"high\" decoding=\"async\" class=\"aligncenter wp-image-29585 size-full\" src=\"https:\/\/tuftingeurope.com\/wp-content\/uploads\/2021\/10\/carved-rug.gif\" alt=\"\" width=\"1280\" height=\"720\" title=\"\"><\/p>\n<h2>Co jest w zestawie.<\/h2>\n<p>1 x elektryczna maszynka do strzy\u017cenia<br \/>\n1 x kabel zasilaj\u0105cy.<br \/>\n1 x dodatkowe ostrze tn\u0105ce<br \/>\n2 x nasadki grzebieniowe<br \/>\n1 x szczotka do czyszczenia<br \/>\n1 x instrukcja obs\u0142ugi<br \/>\n1 x etui do przechowywania<\/p>\n<p>Nie zawiera oleju ze wzgl\u0119du na przepisy importowe.<\/p>\n<h2>Konserwacja.<\/h2>\n<p>Ostrze jest od\u0142\u0105czane w celu \u0142atwego czyszczenia. Aby utrzyma\u0107 no\u017cyce do rze\u017abienia w dywanach w idealnym stanie, po u\u017cyciu wyszczotkuj prz\u0119dz\u0119. Od\u0142\u0105cz element tn\u0105cy, aby usun\u0105\u0107 prz\u0119dz\u0119 ukryt\u0105 za ostrzami.<\/p>\n<p>Zalecamy okresowe oliwienie ostrzy olejem do maszynek do strzy\u017cenia, aby zmniejszy\u0107 tarcie. Nasz olej do maszyn do szycia mo\u017ce by\u0107 r\u00f3wnie\u017c stosowany w maszynkach do strzy\u017cenia, poniewa\u017c jest to ten sam olej, kt\u00f3rego u\u017cywa si\u0119 do smarowania maszyn do szycia.<\/p>\n<h2>Uchwyt na prowadnice do obcinaczek do dywan\u00f3w.<\/h2>\n<p>Zalecamy korzystanie z naszych prowadnic do golenia, poniewa\u017c utrzymuj\u0105 one obcinacz do dywan\u00f3w pod okre\u015blonym k\u0105tem i na okre\u015blonej wysoko\u015bci, co pomaga zapewni\u0107 proste i r\u00f3wne ci\u0119cia.<\/p>\n","protected":false},"excerpt":{"rendered":"<p>Nadaj swoim dywanom Cut pile czysty i wyra\u017any wygl\u0105d, gol\u0105c je i rze\u017abi\u0105c za pomoc\u0105 naszych maszynek do strzy\u017cenia. Doskonale nadaje si\u0119 do rze\u017abienia kraw\u0119dzi i kontur\u00f3w, nadaj\u0105c g\u0142\u0119bi Twoim liniom i sprawiaj\u0105c, \u017ce Twoje dywany przyci\u0105gaj\u0105 wzrok.<\/p>\n","protected":false},"featured_media":37935,"template":"","meta":[],"product_brand":[],"product_cat":[216],"product_tag":[],"class_list":{"0":"post-6483","1":"product","2":"type-product","3":"status-publish","4":"has-post-thumbnail","6":"product_cat-akcesoria","8":"first","9":"instock","10":"taxable","11":"shipping-taxable","12":"purchasable","13":"product-type-simple"},"_links":{"self":[{"href":"https:\/\/tuftingeurope.com\/pl\/wp-json\/wp\/v2\/product\/6483","targetHints":{"allow":["GET"]}}],"collection":[{"href":"https:\/\/tuftingeurope.com\/pl\/wp-json\/wp\/v2\/product"}],"about":[{"href":"https:\/\/tuftingeurope.com\/pl\/wp-json\/wp\/v2\/types\/product"}],"wp:featuredmedia":[{"embeddable":true,"href":"https:\/\/tuftingeurope.com\/pl\/wp-json\/wp\/v2\/media\/37935"}],"wp:attachment":[{"href":"https:\/\/tuftingeurope.com\/pl\/wp-json\/wp\/v2\/media?parent=6483"}],"wp:term":[{"taxonomy":"product_brand","embeddable":true,"href":"https:\/\/tuftingeurope.com\/pl\/wp-json\/wp\/v2\/product_brand?post=6483"},{"taxonomy":"product_cat","embeddable":true,"href":"https:\/\/tuftingeurope.com\/pl\/wp-json\/wp\/v2\/product_cat?post=6483"},{"taxonomy":"product_tag","embeddable":true,"href":"https:\/\/tuftingeurope.com\/pl\/wp-json\/wp\/v2\/product_tag?post=6483"}],"curies":[{"name":"wp","href":"https:\/\/api.w.org\/{rel}","templated":true}]}}