{"id":6954,"date":"2021-11-01T10:03:32","date_gmt":"2021-11-01T09:03:32","guid":{"rendered":"https:\/\/tuftingeurope.com\/product\/eurol-olej-do-maszyn-do-szycia-do-tulejek-100ml\/"},"modified":"2026-03-13T17:02:40","modified_gmt":"2026-03-13T16:02:40","slug":"eurol-sewing-machine-oil-for-tufting-guns-100ml","status":"publish","type":"product","link":"https:\/\/tuftingeurope.com\/pl\/produkt\/eurol-sewing-machine-oil-for-tufting-guns-100ml\/","title":{"rendered":"Eurol\u00ae Olej do maszyn do szycia do tulejek 100ml"},"content":{"rendered":"<p>Z dum\u0105 oferujemy doskona\u0142y olej do maszyn do szycia firmy Eurol\u00ae. Wysokowydajny, mineralny olej do wszystkich punkt\u00f3w smarowania maszyn do szycia wszystkich marek.<\/p>\n","protected":false},"excerpt":{"rendered":"<p>Eurol\u00ae \u015bwietnie nadaje si\u0119 do tufting machines poniewa\u017c olej smaruje, ale nie plami ani nie wydziela zapachu, utrzymuj\u0105c Pa\u0144stwa dywany w czysto\u015bci. Jest to bezkwasowy \u015brodek smarny na bazie oleju parafinowego, kt\u00f3ry smaruje wszystkie wra\u017cliwe cz\u0119\u015bci maszyny tufting, zapobiegaj\u0105c ich tarciu i nagrzewaniu. <\/p>\n<p>Usu\u0144 prz\u0119dz\u0119 z maszyny i na\u0142\u00f3\u017c kropl\u0119 oleju na metalowe pr\u0119ty i otwory bia\u0142ych \u015blizgaczy co 2 godziny.<\/p>\n","protected":false},"featured_media":12205,"template":"","meta":[],"product_brand":[],"product_cat":[216],"product_tag":[],"class_list":{"0":"post-6954","1":"product","2":"type-product","3":"status-publish","4":"has-post-thumbnail","6":"product_cat-akcesoria","8":"first","9":"instock","10":"taxable","11":"shipping-taxable","12":"purchasable","13":"product-type-simple"},"_links":{"self":[{"href":"https:\/\/tuftingeurope.com\/pl\/wp-json\/wp\/v2\/product\/6954","targetHints":{"allow":["GET"]}}],"collection":[{"href":"https:\/\/tuftingeurope.com\/pl\/wp-json\/wp\/v2\/product"}],"about":[{"href":"https:\/\/tuftingeurope.com\/pl\/wp-json\/wp\/v2\/types\/product"}],"wp:featuredmedia":[{"embeddable":true,"href":"https:\/\/tuftingeurope.com\/pl\/wp-json\/wp\/v2\/media\/12205"}],"wp:attachment":[{"href":"https:\/\/tuftingeurope.com\/pl\/wp-json\/wp\/v2\/media?parent=6954"}],"wp:term":[{"taxonomy":"product_brand","embeddable":true,"href":"https:\/\/tuftingeurope.com\/pl\/wp-json\/wp\/v2\/product_brand?post=6954"},{"taxonomy":"product_cat","embeddable":true,"href":"https:\/\/tuftingeurope.com\/pl\/wp-json\/wp\/v2\/product_cat?post=6954"},{"taxonomy":"product_tag","embeddable":true,"href":"https:\/\/tuftingeurope.com\/pl\/wp-json\/wp\/v2\/product_tag?post=6954"}],"curies":[{"name":"wp","href":"https:\/\/api.w.org\/{rel}","templated":true}]}}