{"id":69839,"date":"2025-09-11T13:53:36","date_gmt":"2025-09-11T11:53:36","guid":{"rendered":"https:\/\/tuftingeurope.com\/product\/learn-tufting-online\/"},"modified":"2025-09-11T13:53:36","modified_gmt":"2025-09-11T11:53:36","slug":"learn-tufting-online","status":"publish","type":"product","link":"https:\/\/tuftingeurope.com\/pl\/produkt\/learn-tufting-online\/","title":{"rendered":"Naucz si\u0119 tuftingu &#8211; kompletny kurs online"},"content":{"rendered":"<h2>Wkr\u00f3tce staniesz si\u0119 artyst\u0105 tuftingu.<\/h2>\n<p>To nie jest kolejny samouczek \u2014 to pe\u0142na podr\u00f3\u017c. Nasz kurs online daje Ci umiej\u0119tno\u015bci, wskaz\u00f3wki i pewno\u015b\u0107 siebie, aby tworzy\u0107 dywany, z kt\u00f3rych b\u0119dziesz dumny. <\/p>\n<ul>\n<li>Zabawny i \u0142atwy do zrozumienia: Ka\u017cdy modu\u0142 jest przejrzysty, przyjazny dla pocz\u0105tkuj\u0105cych i pe\u0142en demonstracji.<\/li>\n<li>Przyspieszenie rozwoju umiej\u0119tno\u015bci: Pomi\u0144 metod\u0119 pr\u00f3b i b\u0142\u0119d\u00f3w. Z naszym przewodnictwem nauczysz si\u0119 szybciej i lepiej. <\/li>\n<li>Wszystkie sekrety ujawnione: Od czystych kraw\u0119dzi po g\u0142adkie krzywizny, poka\u017cemy Ci techniki, kt\u00f3rych nie znajdziesz na YouTube.<\/li>\n<li>Coaching w zestawie: Udost\u0119pniaj zdj\u0119cia swoich post\u0119p\u00f3w i otrzymuj osobiste opinie od ekspert\u00f3w tuftingu.<\/li>\n<\/ul>\n<h2>Czego si\u0119 nauczysz<\/h2>\n<ul>\n<li>Ustawi\u0107 ram\u0119 i tkanin\u0119 z idealnym napi\u0119ciem<\/li>\n<li>Nawleka\u0107, podawa\u0107 i kontrolowa\u0107 pistolet do tuftingu jak profesjonalista<\/li>\n<li>Tuftowa\u0107 linie, krzywizny, wype\u0142nienia i p\u0142ynnie zmienia\u0107 kolory<\/li>\n<li>Opanowa\u0107 wyko\u0144czenie: klejenie, podklejanie, przycinanie, rze\u017abienie, golenie<\/li>\n<li>Rozwi\u0105zywa\u0107 problemy i naprawia\u0107 typowe b\u0142\u0119dy<\/li>\n<\/ul>\n<h2>Dlaczego ten kurs?<\/h2>\n<p>Poniewa\u017c byli\u015bmy tam, gdzie Ty jeste\u015b. Tufting mo\u017ce by\u0107 myl\u0105cy na pocz\u0105tku, z marnowan\u0105 prz\u0119dz\u0105, nieporz\u0105dnymi dywanami i niejasnymi samouczkami. Skondensowali\u015bmy lata do\u015bwiadczenia w prosty kurs, kt\u00f3ry sprawi, \u017ce b\u0119dziesz szybszy, bardziej pewny siebie i bardziej kreatywny.  <\/p>\n","protected":false},"excerpt":{"rendered":"<p>Zamie\u0144 swoje pomys\u0142y w prawdziwe dywany. Dzi\u0119ki temu zabawnemu i \u0142atwemu do zrozumienia kursowi online, staniesz si\u0119 wykwalifikowanym artyst\u0105 tuftingu w mgnieniu oka. Damy Ci potrzebny impuls czasowy, podzielimy si\u0119 wszystkimi sekretami, kt\u00f3rych nauczyli\u015bmy si\u0119 przez lata tuftingu, i b\u0119dziemy Ci\u0119 prowadzi\u0107 krok po kroku.  <\/p>\n<p><strong>Do\u0142\u0105cz do listy oczekuj\u0105cych ju\u017c dzi\u015b i uzyskaj wczesny dost\u0119p oraz specjaln\u0105 zni\u017ck\u0119 na start.<\/strong><\/p>\n","protected":false},"featured_media":69841,"template":"","meta":[],"product_brand":[],"product_cat":[545],"product_tag":[],"class_list":{"0":"post-69839","1":"product","2":"type-product","3":"status-publish","4":"has-post-thumbnail","6":"product_cat-starter-kits-pl","8":"first","9":"outofstock","10":"virtual","11":"taxable","12":"purchasable","13":"product-type-simple"},"_links":{"self":[{"href":"https:\/\/tuftingeurope.com\/pl\/wp-json\/wp\/v2\/product\/69839","targetHints":{"allow":["GET"]}}],"collection":[{"href":"https:\/\/tuftingeurope.com\/pl\/wp-json\/wp\/v2\/product"}],"about":[{"href":"https:\/\/tuftingeurope.com\/pl\/wp-json\/wp\/v2\/types\/product"}],"wp:featuredmedia":[{"embeddable":true,"href":"https:\/\/tuftingeurope.com\/pl\/wp-json\/wp\/v2\/media\/69841"}],"wp:attachment":[{"href":"https:\/\/tuftingeurope.com\/pl\/wp-json\/wp\/v2\/media?parent=69839"}],"wp:term":[{"taxonomy":"product_brand","embeddable":true,"href":"https:\/\/tuftingeurope.com\/pl\/wp-json\/wp\/v2\/product_brand?post=69839"},{"taxonomy":"product_cat","embeddable":true,"href":"https:\/\/tuftingeurope.com\/pl\/wp-json\/wp\/v2\/product_cat?post=69839"},{"taxonomy":"product_tag","embeddable":true,"href":"https:\/\/tuftingeurope.com\/pl\/wp-json\/wp\/v2\/product_tag?post=69839"}],"curies":[{"name":"wp","href":"https:\/\/api.w.org\/{rel}","templated":true}]}}