{"id":72726,"date":"2026-01-19T18:02:43","date_gmt":"2026-01-19T17:02:43","guid":{"rendered":"https:\/\/tuftingeurope.com\/product\/stickerpack\/"},"modified":"2026-02-19T22:01:03","modified_gmt":"2026-02-19T21:01:03","slug":"stickerpack","status":"publish","type":"product","link":"https:\/\/tuftingeurope.com\/pl\/produkt\/stickerpack\/","title":{"rendered":"Zestaw naklejek do tuftingu vol.1"},"content":{"rendered":"<h2>Co w zestawie:<\/h2>\n<ul>\n<li>Odwa\u017cna niebieska naklejka MIR\u042fOR YOUR DESIGN \u2013 przypomnienie, kt\u00f3re uchroni Ci\u0119 przed rozczarowaniem odwr\u00f3conych liter.<\/li>\n<li>Stay Tuft! z nasz\u0105 maskotk\u0105 AK-V, kt\u00f3ra utrzyma dobr\u0105 atmosfer\u0119 podczas pracy.<\/li>\n<li>Craft First, Clean Later \u2013 bo ba\u0142agan na pod\u0142odze to znak produktywnego dnia.<\/li>\n<li>I&#8217;ll Fix It With Shaving \u2013 ho\u0142d dla golenia, kt\u00f3re sprawia, \u017ce ka\u017cdy b\u0142\u0105d znika.<\/li>\n<li>Glue Time is Snack Time \u2013 na czas oczekiwania, a\u017c lateks wyschnie.<\/li>\n<li>&#8230;oraz Twoja oficjalna piecz\u0119\u0107 Certified Rug Maker!<\/li>\n<\/ul>\n<p>Ka\u017cda naklejka w tym zestawie zosta\u0142a zaprojektowana tak, by wyr\u00f3\u017cnia\u0107 si\u0119 bez zajmowania zbyt wiele miejsca \u2013 ma 9 cm na najd\u0142u\u017cszym boku. Niezale\u017cnie od tego, czy ozdobisz ni\u0105 pistolet do tuftingu, laptopa czy lod\u00f3wk\u0119, idealnie pasuje dla ka\u017cdego mi\u0142o\u015bnika tuftingu. <\/p>\n","protected":false},"excerpt":{"rendered":"<p>\u015awi\u0119tuj determinacj\u0119, klej i chwa\u0142\u0119 tworzenia dywan\u00f3w z nasz\u0105 debiutanck\u0105 kolekcj\u0105 naklejek. Ten 6-elementowy zestaw to list mi\u0142osny do znajomej (i cz\u0119sto chaotycznej) rzeczywisto\u015bci \u017cycia za ram\u0105. <\/p>\n<p>Od paniki \u201eczy pami\u0119ta\u0142em\/pami\u0119ta\u0142am, \u017ceby to odwr\u00f3ci\u0107?\u201d po magi\u0119 ostatniego szlifu \u2013 te naklejki celebruj\u0105 ka\u017cdy etap Pa\u0144stwa tw\u00f3rczej podr\u00f3\u017cy, wraz ze wszystkimi skrawkami w\u0142\u00f3czki.<\/p>\n","protected":false},"featured_media":73150,"template":"","meta":[],"product_brand":[],"product_cat":[216],"product_tag":[],"class_list":{"0":"post-72726","1":"product","2":"type-product","3":"status-publish","4":"has-post-thumbnail","6":"product_cat-akcesoria","8":"first","9":"instock","10":"taxable","11":"shipping-taxable","12":"purchasable","13":"product-type-simple"},"_links":{"self":[{"href":"https:\/\/tuftingeurope.com\/pl\/wp-json\/wp\/v2\/product\/72726","targetHints":{"allow":["GET"]}}],"collection":[{"href":"https:\/\/tuftingeurope.com\/pl\/wp-json\/wp\/v2\/product"}],"about":[{"href":"https:\/\/tuftingeurope.com\/pl\/wp-json\/wp\/v2\/types\/product"}],"wp:featuredmedia":[{"embeddable":true,"href":"https:\/\/tuftingeurope.com\/pl\/wp-json\/wp\/v2\/media\/73150"}],"wp:attachment":[{"href":"https:\/\/tuftingeurope.com\/pl\/wp-json\/wp\/v2\/media?parent=72726"}],"wp:term":[{"taxonomy":"product_brand","embeddable":true,"href":"https:\/\/tuftingeurope.com\/pl\/wp-json\/wp\/v2\/product_brand?post=72726"},{"taxonomy":"product_cat","embeddable":true,"href":"https:\/\/tuftingeurope.com\/pl\/wp-json\/wp\/v2\/product_cat?post=72726"},{"taxonomy":"product_tag","embeddable":true,"href":"https:\/\/tuftingeurope.com\/pl\/wp-json\/wp\/v2\/product_tag?post=72726"}],"curies":[{"name":"wp","href":"https:\/\/api.w.org\/{rel}","templated":true}]}}